{"id":8,"date":"2015-08-19T09:10:43","date_gmt":"2015-08-19T09:10:43","guid":{"rendered":"http:\/\/ecoenergy.ancorathemes.com\/?page_id=8"},"modified":"2024-04-23T19:37:11","modified_gmt":"2024-04-23T19:37:11","slug":"services","status":"publish","type":"page","link":"https:\/\/www.ccelektro.hu\/index.php\/services\/","title":{"rendered":"Szolg\u00e1ltat\u00e1saink"},"content":{"rendered":"<p>[vc_row][vc_column]<div class=\"columns_wrap sc_columns columns_nofluid sc_columns_count_4 column_service\" style=\"margin-top:0.95em;\"><div class=\"column-1_4 sc_column_item sc_column_item_1 odd first\">[vc_widget_sidebar sidebar_id=&#8221;sidebar_custom_0&#8243;]<\/div><div class=\"column-3_4 sc_column_item sc_column_item_2 pl5 even span_3\"><h3 class=\"sc_title sc_title_regular\" style=\"margin-bottom:0.47em;\">A C&amp;C Elektro Bt. a k\u00f6vetkez\u0151 szolg\u00e1ltat\u00e1sokat ny\u00fajtja<\/h3>[vc_column_text]<\/p>\n<p>T\u00e1rsas\u00e1gunk a partnerekn\u00e9l leselejtezett, haszn\u00e1lt elektronikai berendez\u00e9sek \u00e9s b\u00fatorok \u00e1tv\u00e9tel\u00e9t \u00c1raj\u00e1nlatk\u00e9r\u0151\/eszk\u00f6zlista alapj\u00e1n v\u00e1llalja, melyet el\u0151zetesen megk\u00fcld\u00fcnk, vagy let\u00f6lthet\u0151 az \u201e\u00c1raj\u00e1nlatk\u00e9r\u0151\u201d men\u00fcpont alatt.<\/p>\n<p>Ennek seg\u00edts\u00e9g\u00e9vel felm\u00e9rj\u00fck a berendez\u00e9sek mennyis\u00e9gi \u00e9s min\u0151s\u00e9gi param\u00e9tereit, a rakod\u00e1si \u00e9s a sz\u00e1ll\u00edt\u00e1si felt\u00e9teleket. A kit\u00f6lt\u00f6tt \u00e1raj\u00e1nlatk\u00e9r\u0151 alapj\u00e1n minden esetben 2 munkanapon bel\u00fcl egyedi \u00e1raj\u00e1nlatot k\u00e9sz\u00edt\u00fcnk. A megrendelt szolg\u00e1ltat\u00e1sok elv\u00e9gz\u00e9s\u00e9t 14 munkanapon bel\u00fcl v\u00e1llaljuk szegedi c\u00edmek eset\u00e9ben, a megrendel\u0151nek legmegfelel\u0151bb\/megfelel\u0151 id\u0151pontban. A Szegeden k\u00edv\u00fcl es\u0151, t\u00e1voli c\u00edmek eset\u00e9ben a sz\u00e1ll\u00edt\u00e1si hat\u00e1rid\u0151 legfeljebb 30 munkanap.<\/p>\n<p>Rakod\u00e1si szolg\u00e1ltat\u00e1s megrendel\u00e9se eset\u00e9n tapasztalt, prec\u00edz rakod\u00f3szem\u00e9lyzetet biztos\u00edtunk.<\/p>\n<p>C\u00e9g\u00fcnk az \u00e1raj\u00e1nlat elfogad\u00e1sa \u00e9s egyben a szolg\u00e1ltat\u00e1s megrendel\u00e9se ut\u00e1n az \u00c1raj\u00e1nlatk\u00e9r\u0151\/eszk\u00f6zlista alapj\u00e1n elk\u00e9sz\u00edti a hat\u00e1lyos jogszab\u00e1lyokban el\u0151\u00edrtaknak megfelel\u0151 \u00e1tv\u00e9teli dokument\u00e1ci\u00f3kat, melyek a sz\u00e1ll\u00edt\u00e1s napj\u00e1n a megrendel\u0151nek \u00e1tad\u00e1sra ker\u00fclnek.<\/p>\n<p>Az \u00e1tvett term\u00e9kek ut\u00f3lagos tesztel\u00e9s\u00e9b\u0151l, jav\u00edt\u00e1s\u00e1b\u00f3l, hibafelm\u00e9r\u00e9s\u00e9b\u0151l, valamint azok k\u00e9s\u0151bbi esetleges hullad\u00e9kk\u00e1 v\u00e1l\u00e1sa eset\u00e9n a kezel\u00e9ssel kapcsolatban felmer\u00fcl\u0151 k\u00f6lts\u00e9geket ut\u00f3lagosan nem h\u00e1r\u00edtjuk \u00e1t a megrendel\u0151re.<\/p>\n<p>Szolg\u00e1ltat\u00e1saink Magyarorsz\u00e1g eg\u00e9sz ter\u00fclet\u00e9re \u00e9rv\u00e9nyesek.<\/p>\n<p>C\u00e9g\u00fcnk a haszn\u00e1lt eszk\u00f6z\u00f6k\u00e9rt semmilyen esetben nem fizet ellen\u00e9rt\u00e9ket.<\/p>\n<p>K\u00e9rd\u00e9s felmer\u00fcl\u00e9se eset\u00e9n, el\u00e9rhet\u0151s\u00e9geink b\u00e1rmelyik\u00e9n \u00e1llunk sz\u00edves rendelkez\u00e9s\u00e9re.<\/p>\n<p><a href=\"https:\/\/www.ccelektro.hu\/wp-content\/uploads\/2024\/01\/arajanlatkero-2024-1.doc\">\u00c1raj\u00e1nlatk\u00e9r\u0151 let\u00f6lt\u00e9se<\/a>[\/vc_column_text]<div class=\"sc_line sc_line_style_solid\" style=\"border-top-style:solid;\"><\/div><figure class=\"sc_image  sc_image_shape_square\"><img src=\"https:\/\/www.ccelektro.hu\/wp-content\/uploads\/2016\/04\/Screenshot_2016-03-16-11-27-35.png\" alt=\"\" \/><\/figure><\/div><\/div>[\/vc_column][\/vc_row]<\/p>\n","protected":false},"excerpt":{"rendered":"<p>[vc_row][vc_column][\/vc_column][\/vc_row]<\/p>\n","protected":false},"author":1,"featured_media":0,"parent":0,"menu_order":0,"comment_status":"closed","ping_status":"closed","template":"","meta":{"ngg_post_thumbnail":0},"_links":{"self":[{"href":"https:\/\/www.ccelektro.hu\/index.php\/wp-json\/wp\/v2\/pages\/8"}],"collection":[{"href":"https:\/\/www.ccelektro.hu\/index.php\/wp-json\/wp\/v2\/pages"}],"about":[{"href":"https:\/\/www.ccelektro.hu\/index.php\/wp-json\/wp\/v2\/types\/page"}],"author":[{"embeddable":true,"href":"https:\/\/www.ccelektro.hu\/index.php\/wp-json\/wp\/v2\/users\/1"}],"replies":[{"embeddable":true,"href":"https:\/\/www.ccelektro.hu\/index.php\/wp-json\/wp\/v2\/comments?post=8"}],"version-history":[{"count":33,"href":"https:\/\/www.ccelektro.hu\/index.php\/wp-json\/wp\/v2\/pages\/8\/revisions"}],"predecessor-version":[{"id":2093,"href":"https:\/\/www.ccelektro.hu\/index.php\/wp-json\/wp\/v2\/pages\/8\/revisions\/2093"}],"wp:attachment":[{"href":"https:\/\/www.ccelektro.hu\/index.php\/wp-json\/wp\/v2\/media?parent=8"}],"curies":[{"name":"wp","href":"https:\/\/api.w.org\/{rel}","templated":true}]}}