{"id":1047,"date":"2016-04-24T15:54:42","date_gmt":"2016-04-24T15:54:42","guid":{"rendered":"http:\/\/www.ccelektro.hu\/?page_id=1047"},"modified":"2024-01-11T07:42:20","modified_gmt":"2024-01-11T07:42:20","slug":"gyakran-ismetelt-kerdesek","status":"publish","type":"page","link":"https:\/\/www.ccelektro.hu\/index.php\/gyakran-ismetelt-kerdesek\/","title":{"rendered":"Gyakran ism\u00e9telt k\u00e9rd\u00e9sek"},"content":{"rendered":"<p>[vc_row][vc_column][vc_column_text]<\/p>\n<h5><strong>Mi\u00e9rt j\u00f3, hogy minden esetben egyedi \u00e1raj\u00e1nlatot k\u00e9sz\u00edt\u00fcnk?<\/strong><\/h5>\n<p>C\u00e9g\u00fcnk t\u00f6rekszik arra, hogy partnerei sz\u00e1m\u00e1ra az orsz\u00e1g b\u00e1rmely pontj\u00e1n min\u00e9l optimaliz\u00e1ltabb \u00e9s k\u00f6lts\u00e9ghat\u00e9konyabb szolg\u00e1ltat\u00e1st ny\u00fajtson az adott \u00e1tv\u00e9teli, rakod\u00e1si \u00e9s sz\u00e1ll\u00edt\u00e1si feladatra koncentr\u00e1lva.<\/p>\n<p>Ehhez viszont sz\u00fcks\u00e9g van az \u00e1raj\u00e1nlatk\u00e9r\u0151\/eszk\u00f6zlista min\u00e9l pontosabb \u00e9s r\u00e9szletesebb kit\u00f6lt\u00e9s\u00e9re a partner r\u00e9sz\u00e9r\u0151l, hogy biztos\u00edtani tudjuk a sz\u00e1m\u00e1ra megfelel\u0151 aj\u00e1nlatot \u00e9s szolg\u00e1ltat\u00e1st.<\/p>\n<p>Az \u00e1raj\u00e1nlat elfogad\u00e1sa ut\u00e1n nincsenek rejtett k\u00f6lts\u00e9gek, az \u00e1tvett eszk\u00f6z\u00f6k k\u00e9s\u0151bbi hullad\u00e9kk\u00e1 v\u00e1l\u00e1sa eset\u00e9n a felmer\u00fcl\u0151 k\u00f6lts\u00e9geket ut\u00f3lagosan nem h\u00e1r\u00edtjuk \u00e1t a Megrendel\u0151re.[\/vc_column_text]<div class=\"sc_line sc_line_style_solid\" style=\"border-top-style:solid;\"><\/div>[vc_column_text]<\/p>\n<h5><strong>Mi sz\u00fcks\u00e9ges a min\u00e9l gyorsabb \u00e9s hat\u00e9konyabb \u00fcgyint\u00e9z\u00e9shez?<\/strong><\/h5>\n<ul>\n<li>Az \u00fcgymenet gyors\u00edt\u00e1sa \u00e9s rugalmas lebonyol\u00edt\u00e1sa \u00e9rdek\u00e9ben nagy seg\u00edts\u00e9g sz\u00e1munkra, ha a partner\u00fcnk csatol n\u00e9h\u00e1ny f\u00e9nyk\u00e9pet az \u00e1tadni k\u00edv\u00e1nt eszk\u00f6z\u00f6kr\u0151l. Erre f\u0151leg akkor van sz\u00fcks\u00e9g, ha a partner valamilyen okn\u00e1l fogva nem tudja pontosan meghat\u00e1rozni az eszk\u00f6z\u00f6k mennyis\u00e9g\u00e9t vagy besorol\u00e1s\u00e1t az eszk\u00f6zlist\u00e1ban.<\/li>\n<li>A sz\u00e1ll\u00edt\u00e1s hat\u00e9kony v\u00e9grehajt\u00e1s\u00e1hoz c\u00e9lszer\u0171 a kapcsolattart\u00f3nak mobiltelefonsz\u00e1mot is megadni, hiszen sok esetben, el\u0151zetes megbesz\u00e9l\u00e9s alapj\u00e1n odatelefon\u00e1lunk \u00e9rkez\u00e9s el\u0151tt a partnernek, hogy ne kelljen r\u00e1nk v\u00e1rnia, valamint a sz\u00e1ll\u00edt\u00e1st v\u00e9gz\u0151 aut\u00f3nk is tudjon haladni a feladatai teljes\u00edt\u00e9s\u00e9vel.<\/li>\n<li>Az \u00e1raj\u00e1nlatban v\u00e1llalt feladatok g\u00f6rd\u00fcl\u00e9keny elv\u00e9gz\u00e9s\u00e9hez \u00e9s a rakod\u00e1si id\u0151 cs\u00f6kkent\u00e9s\u00e9hez k\u00e9rj\u00fck, hogy a Megrendel\u0151 az \u00e1tadni k\u00edv\u00e1nt eszk\u00f6z\u00f6ket sz\u00e1ll\u00edt\u00f3j\u00e1rm\u0171vel is j\u00f3l megk\u00f6zel\u00edthet\u0151 helyre k\u00e9sz\u00edtse \u00f6ssze.<\/li>\n<li>Kapcsolattart\u00f3nak olyan szem\u00e9ly megad\u00e1sa a megfelel\u0151 sz\u00e1munkra, aki az adott sz\u00e1ll\u00edt\u00e1ssal kapcsolatban ismeri a m\u0171szaki param\u00e9tereket, pl. tudja hol van a rakt\u00e1r kulcsa, pontosan melyik eszk\u00f6z\u00f6ket kell elsz\u00e1ll\u00edtanunk stb.<\/li>\n<\/ul>\n<p>Az \u00fcgymenet gyors\u00edt\u00e1sa \u00e9rdek\u00e9ben j\u00f3, ha a kapcsolattart\u00f3n\u00e1l van b\u00e9lyegz\u0151 az \u00e1tv\u00e9teli dokument\u00e1ci\u00f3 hiteles\u00edt\u00e9s\u00e9hez, s nem az \u00e1tv\u00e9teli, rakod\u00e1si \u00e9s sz\u00e1ll\u00edt\u00e1si feladat v\u00e9gezt\u00e9vel kell keresg\u00e9lni azt.<\/p>\n<p>[\/vc_column_text]<div class=\"sc_line sc_line_style_solid\" style=\"border-top-style:solid;\"><\/div>[vc_column_text]<\/p>\n<h5><strong>Mi t\u00f6rt\u00e9nik az \u00e1tvett elektronikai eszk\u00f6z\u00f6kkel \u00e9s haszn\u00e1lt b\u00fatorokkal?<\/strong><\/h5>\n<p>A telephely\u00fcnkre be\u00e9rkezett haszn\u00e1lt elektronikai eszk\u00f6z\u00f6ket \u00e9s b\u00fatorokat a m\u00e9rlegel\u00e9st k\u00f6vet\u0151en hibafelm\u00e9r\u00e9s, tesztel\u00e9s, jav\u00edt\u00e1s \u00e9s tiszt\u00edt\u00e1s \u00fatj\u00e1n igyeksz\u00fcnk haszn\u00e1latra \u00fajra alkalmass\u00e1 tenni. Azokat az eszk\u00f6z\u00f6ket, b\u00fatorokat, melyek m\u00e9gis hullad\u00e9kk\u00e1 v\u00e1lnak szak\u00e9rt\u0151 partnereink r\u00e9sz\u00e9re kezel\u00e9sre \u00e1tadjuk. [\/vc_column_text]<div class=\"sc_line sc_line_style_solid\" style=\"border-top-style:solid;\"><\/div>[vc_column_text]<\/p>\n<h5><strong>Melyek azok az eszk\u00f6z\u00f6k, amelyeket nem \u00e1ll m\u00f3dunkban \u00e1tvenni?<\/strong><\/h5>\n<ul>\n<li>Tintapatronok \u00e9s tonerek<\/li>\n<li>CD, DVD \u00e9s floppy lemezek<\/li>\n<li>Audiokazett\u00e1k \u00e9s videokazett\u00e1k<\/li>\n<li>Hi\u00e1nyos h\u0171t\u0151berendez\u00e9sek<\/li>\n<li>Hi\u00e1nyos k\u00e9pmegjelen\u00edt\u0151 berendez\u00e9sek (monitorok, telev\u00edzi\u00f3k)<\/li>\n<li>A hullad\u00e9kazonos\u00edt\u00f3 k\u00f3ddal (HAK\/EWC) ell\u00e1tott, hullad\u00e9knak min\u0151s\u00edtett selejtezett eszk\u00f6z\u00f6k, t\u00e1rgyak<\/li>\n<li>A m\u0171k\u00f6d\u00e9sk\u00e9ptelen berendez\u00e9sek, amelyek nem hozhat\u00f3ak m\u0171k\u00f6d\u0151k\u00e9pes \u00e1llapotba<\/li>\n<li>Az \u00fajrahaszn\u00e1latra, alkatr\u00e9szfelhaszn\u00e1l\u00e1sra \u00e9s tov\u00e1bb\u00e9rt\u00e9kes\u00edt\u00e9sre alkalmatlan term\u00e9kek<\/li>\n<\/ul>\n<p><strong>A fent eml\u00edtett elektronikai hullad\u00e9kokat jelenleg nem \u00e1ll m\u00f3dunkban \u00e1tvenni, azok \u00e1tv\u00e9tel\u00e9vel kapcsolatban jelenleg a MOHU MOL Hullad\u00e9kgazd\u00e1lkod\u00e1si Zrt. az illet\u00e9kes.<\/strong><\/p>\n<p>[\/vc_column_text]<div class=\"sc_line sc_line_style_solid\" style=\"border-top-style:solid;\"><\/div>[vc_column_text]<\/p>\n<h5><strong>Mi t\u00f6rt\u00e9nik a bizalmas, titkos adatokat tartalmaz\u00f3 adathordoz\u00f3kkal?<\/strong><\/h5>\n<p>Az adathordoz\u00f3kat minden esetben teljesen t\u00f6r\u00f6lj\u00fck \u00e9s \u00fajraform\u00e1zzuk az adatv\u00e9delmi szab\u00e1lyoknak megfelel\u0151en. Abban az esetben, ha az adathordoz\u00f3k a be\u00e9rkez\u00e9st k\u00f6vet\u0151en m\u00e9gis hullad\u00e9kk\u00e1 v\u00e1lnak, azokat a megfelel\u0151 partnernek megsemmis\u00edt\u00e9sre \u00e1tadjuk, ahol a kezel\u00e9si technol\u00f3gi\u00e1k olyan anyagroncsol\u00e1ssal egy\u00fctt j\u00e1r\u00f3 munkafolyamatokat tartalmaznak, melyek lehetetlenn\u00e9 teszik az ut\u00f3lagos adatvissza\u00e1ll\u00edt\u00e1st.[\/vc_column_text]<div class=\"sc_line sc_line_style_solid\" style=\"border-top-style:solid;\"><\/div>[vc_column_text]<\/p>\n<h5>Az \u00e1tv\u00e9telhez sz\u00fcks\u00e9ges-e szerz\u0151d\u00e9st k\u00f6tni vagy el\u00e9g az \u00e1raj\u00e1nlatk\u00e9r\u0151\/eszk\u00f6zlista megk\u00fcld\u00e9se?<\/h5>\n<p>T\u00e1rsas\u00e1gunk a haszn\u00e1lt, leselejtezett elektronikai eszk\u00f6z\u00f6k \u00e1tv\u00e9tel\u00e9t nem k\u00f6ti szerz\u0151d\u00e9s megk\u00f6t\u00e9s\u00e9hez, viszont minden \u00e1tv\u00e9teln\u00e9l a weboldalunkon tal\u00e1lhat\u00f3 v\u00e1llalkoz\u00e1si keretszerz\u0151d\u00e9sben foglaltak a m\u00e9rvad\u00f3ak.[\/vc_column_text][\/vc_column][\/vc_row]<\/p>\n","protected":false},"excerpt":{"rendered":"<p>[vc_row][vc_column][vc_column_text] Mi\u00e9rt j\u00f3, hogy minden esetben egyedi \u00e1raj\u00e1nlatot k\u00e9sz\u00edt\u00fcnk? C\u00e9g\u00fcnk t\u00f6rekszik arra, hogy partnerei sz\u00e1m\u00e1ra az orsz\u00e1g b\u00e1rmely pontj\u00e1n min\u00e9l optimaliz\u00e1ltabb \u00e9s k\u00f6lts\u00e9ghat\u00e9konyabb szolg\u00e1ltat\u00e1st ny\u00fajtson az adott \u00e1tv\u00e9teli, rakod\u00e1si \u00e9s sz\u00e1ll\u00edt\u00e1si feladatra koncentr\u00e1lva. Ehhez viszont sz\u00fcks\u00e9g van az \u00e1raj\u00e1nlatk\u00e9r\u0151\/eszk\u00f6zlista min\u00e9l pontosabb \u00e9s r\u00e9szletesebb kit\u00f6lt\u00e9s\u00e9re a partner r\u00e9sz\u00e9r\u0151l, hogy biztos\u00edtani tudjuk a sz\u00e1m\u00e1ra megfelel\u0151 aj\u00e1nlatot \u00e9s [&hellip;]<\/p>\n","protected":false},"author":1,"featured_media":0,"parent":0,"menu_order":0,"comment_status":"closed","ping_status":"closed","template":"","meta":{"ngg_post_thumbnail":0},"_links":{"self":[{"href":"https:\/\/www.ccelektro.hu\/index.php\/wp-json\/wp\/v2\/pages\/1047"}],"collection":[{"href":"https:\/\/www.ccelektro.hu\/index.php\/wp-json\/wp\/v2\/pages"}],"about":[{"href":"https:\/\/www.ccelektro.hu\/index.php\/wp-json\/wp\/v2\/types\/page"}],"author":[{"embeddable":true,"href":"https:\/\/www.ccelektro.hu\/index.php\/wp-json\/wp\/v2\/users\/1"}],"replies":[{"embeddable":true,"href":"https:\/\/www.ccelektro.hu\/index.php\/wp-json\/wp\/v2\/comments?post=1047"}],"version-history":[{"count":20,"href":"https:\/\/www.ccelektro.hu\/index.php\/wp-json\/wp\/v2\/pages\/1047\/revisions"}],"predecessor-version":[{"id":2034,"href":"https:\/\/www.ccelektro.hu\/index.php\/wp-json\/wp\/v2\/pages\/1047\/revisions\/2034"}],"wp:attachment":[{"href":"https:\/\/www.ccelektro.hu\/index.php\/wp-json\/wp\/v2\/media?parent=1047"}],"curies":[{"name":"wp","href":"https:\/\/api.w.org\/{rel}","templated":true}]}}